{"id":1186,"date":"2021-05-24T09:50:48","date_gmt":"2021-05-24T07:50:48","guid":{"rendered":"https:\/\/labo.kejal.fr\/di\/"},"modified":"2021-05-24T09:50:49","modified_gmt":"2021-05-24T07:50:49","slug":"di","status":"publish","type":"page","link":"https:\/\/labo.kejal.fr\/it\/di\/","title":{"rendered":"Di"},"content":{"rendered":"<div class=\"row\"  id=\"row-696665354\">\n\n\t<div id=\"col-1836341753\" class=\"col medium-9 small-12 large-9\"  >\n\t\t<div class=\"col-inner dark\" style=\"background-color:#770a03;\" >\n\t\t\t\n\t\t\t\n<h2>Kejal in poche parole<\/h2>\n<p>KEJAL \u00e8 una Societ\u00e0 Cooperativa di InteresseCollettivo -SCIC- le cuiattivit\u00e0principaliriguardano il centro di formazione e lospazio per progetti di avvio d\u2019impresa.<\/p>\n<p>Scopo principale \u00e8 quello di promuovere la creazione di attivit\u00e0checontribuiscono allo svilupposostenibile : ecologicamenteedeconomicamente, in modo solidale, locale e giusto.<\/p>\n<p>La cooperativa \u00e8 composta da soci, altrestrutture eprofessionisti, chelavoranoinsieme per losviluppo di un&#8217;economiasolidaleche si occupa dell&#8217;equilibrioecologico.<\/p>\n<p>Provenienti da diversisettori (commercio, finanza, animazione, educazionepopolare,formazione, progettieuropei), i membri di Kejal mettono in comune le lorocompetenzeper accompagnare, consigliare e formarepersone o impresechedesideranoaderire a questoapproccio.<\/p>\n<p>La cooperativafornisceunospazio di supporto e accompagnamento per :<\/p>\n<p>Progettare e implementarecorsi di formazioneadattati per i projectmanager<\/p>\n<p>Costruireproposte di consulenza, supporto, audit, studio e servizio, per persone e aziende.<\/p>\n\t\t<\/div>\n\t\t\n<style>\n#col-1836341753 > .col-inner {\n  padding: 30px 30px 30px 30px;\n  border-radius: 15px;\n}\n<\/style>\n\t<\/div>\n\n\t\n\n\t<div id=\"col-1495608338\" class=\"col hide-for-small medium-3 small-12 large-3\"  >\n\t\t<div class=\"col-inner\"  >\n\t\t\t\n\t\t\t\n\t<div class=\"img has-hover x md-x lg-x y md-y lg-y\" id=\"image_723516924\">\n\t\t\t\t\t\t\t\t<div class=\"img-inner dark\" >\n\t\t\t<img width=\"377\" height=\"1024\" src=\"https:\/\/labo.kejal.fr\/wp-content\/uploads\/2021\/03\/logo-kejal-couleur-vertical-2018-377x1024.png\" class=\"attachment-large size-large\" alt=\"Kejal\" decoding=\"async\" loading=\"lazy\" srcset=\"https:\/\/labo.kejal.fr\/wp-content\/uploads\/2021\/03\/logo-kejal-couleur-vertical-2018-377x1024.png 377w, https:\/\/labo.kejal.fr\/wp-content\/uploads\/2021\/03\/logo-kejal-couleur-vertical-2018-110x300.png 110w, https:\/\/labo.kejal.fr\/wp-content\/uploads\/2021\/03\/logo-kejal-couleur-vertical-2018-565x1536.png 565w, https:\/\/labo.kejal.fr\/wp-content\/uploads\/2021\/03\/logo-kejal-couleur-vertical-2018-66x180.png 66w, https:\/\/labo.kejal.fr\/wp-content\/uploads\/2021\/03\/logo-kejal-couleur-vertical-2018.png 684w\" sizes=\"(max-width: 377px) 100vw, 377px\" \/>\t\t\t\t\t\t\n\t\t\t\t\t<\/div>\n\t\t\t\t\t\t\t\t\n<style>\n#image_723516924 {\n  width: 71%;\n}\n<\/style>\n\t<\/div>\n\t\n\t\t<\/div>\n\t\t\t<\/div>\n\n\t\n<\/div>\n<div class=\"row\"  id=\"row-554698480\">\n\n\t<div id=\"col-2060328908\" class=\"col medium-3 small-12 large-3\"  >\n\t\t<div class=\"col-inner text-center\"  >\n\t\t\t\n\t\t\t\n<a rel=\"noopener noreferrer\" href=\"https:\/\/www.kejal.fr\" target=\"_blank\" class=\"button secondary is-xlarge\"  style=\"padding:15px 0px 0px 0px;\">\n    <span>Accesso al sito Kejal<\/span>\n  <\/a>\n\n\t\t<\/div>\n\t\t\t<\/div>\n\n\t\n\n\t<div id=\"col-245849810\" class=\"col medium-9 small-12 large-9\"  >\n\t\t<div class=\"col-inner dark\" style=\"background-color:#a14102;\" >\n\t\t\t\n\t\t\t\n<h2>Obiettivi di Kejal<\/h2>\n<p>Permettere a qualsiasi persona, qualunquesia la sua et\u00e0, sesso, situazione sociale e professionale o esperienzaprecedente, di creare l&#8217;attivit\u00e0professionale a cui aspira ;<\/p>\n<p>Crearepontitra l&#8217;economiatradizionale e l&#8217;economia sociale e solidalepreservandogliobiettivi, i valori, le concezioni del lavoro e dell&#8217;economia, e gliapprocciecologici e socio-culturalidifesinell&#8217;economia sociale e solidale ;<\/p>\n<p>Far riconoscere le specificit\u00e0 di un sostegnoche mira acreareattivit\u00e0 di economia sociale e solidale e di svilupposostenibiletantosulcontenuto da portare quanto sulprocesso di riflessione da accompagnare.<\/p>\n\t\t<\/div>\n\t\t\n<style>\n#col-245849810 > .col-inner {\n  padding: 29px 30px 30px 30px;\n  margin: -15px 0px 0px 0px;\n  border-radius: 16px;\n}\n@media (min-width:550px) {\n  #col-245849810 > .col-inner {\n    margin: -62px 0px 0px 0px;\n  }\n}\n<\/style>\n\t<\/div>\n\n\t\n<\/div>\n<div class=\"row\"  id=\"row-1537544570\">\n\n\t<div id=\"col-791008594\" class=\"col medium-9 small-12 large-9\"  >\n\t\t<div class=\"col-inner dark\" style=\"background-color:#770a03;\" >\n\t\t\t\n\t\t\t\n<h2>Il laboratorio in poche parole<\/h2>\n<p>Il laboratoriodelloscickejal \u00e8 statocreato su iniziativadei membriaffinch\u00e9 i formatoripossanotrovareunospazio di creazione e di innovazione per mettere in discussione le loropratichepedagogiche, condividerle e mutualizzareglistrumenti per alimentare le lororiflessioni e azioni.<\/p>\n<p>Questolaboratorio vive di incontritraformatori in diversisiti in Bretagna o altrove, cos\u00ec come attraversounospazio digitale dove i formatori, avendofirmato la carta di impegnoreciproco, possonovenire a cercarestrumenticreati da altri e condividere i propri.<\/p>\n<p>Si evolve con i partenariati e, dal 2018, ha assuntounadimensioneeuropeachestaprendendo forma con la creazione di un kit pedagogico per gliimprenditoridell&#8217;economiasolidale e dellosvilupposostenibile, <strong>adattatoed efficace per i progetti di creazione d\u2019impresa a dimensioneeuropea.<\/strong><\/p>\n\t\t<\/div>\n\t\t\n<style>\n#col-791008594 > .col-inner {\n  padding: 30px 30px 30px 30px;\n  border-radius: 15px;\n}\n<\/style>\n\t<\/div>\n\n\t\n\n\t<div id=\"col-808301524\" class=\"col medium-3 small-12 large-3\"  >\n\t\t<div class=\"col-inner\"  >\n\t\t\t\n\t\t\t\n\t\t<\/div>\n\t\t\t<\/div>\n\n\t\n<\/div>\n<div class=\"row\"  id=\"row-271651537\">\n\n\t<div id=\"col-2123252263\" class=\"col medium-3 small-12 large-3\"  >\n\t\t<div class=\"col-inner\"  >\n\t\t\t\n\t\t\t\n\t\t<\/div>\n\t\t\t<\/div>\n\n\t\n\n\t<div id=\"col-170746805\" class=\"col medium-9 small-12 large-9\"  >\n\t\t<div class=\"col-inner text-right dark\"  >\n\t\t\t\n\t\t\t\n\t<div class=\"img has-hover x md-x lg-x y md-y lg-y\" id=\"image_548069084\">\n\t\t\t\t\t\t\t\t<div class=\"img-inner dark\" >\n\t\t\t<img width=\"1020\" height=\"771\" src=\"https:\/\/labo.kejal.fr\/wp-content\/uploads\/2021\/02\/team_spirit_hrr4-2-1024x774.png\" class=\"attachment-large size-large\" alt=\"\" decoding=\"async\" loading=\"lazy\" srcset=\"https:\/\/labo.kejal.fr\/wp-content\/uploads\/2021\/02\/team_spirit_hrr4-2-1024x774.png 1024w, https:\/\/labo.kejal.fr\/wp-content\/uploads\/2021\/02\/team_spirit_hrr4-2-300x227.png 300w, https:\/\/labo.kejal.fr\/wp-content\/uploads\/2021\/02\/team_spirit_hrr4-2-768x580.png 768w, https:\/\/labo.kejal.fr\/wp-content\/uploads\/2021\/02\/team_spirit_hrr4-2-240x180.png 240w, https:\/\/labo.kejal.fr\/wp-content\/uploads\/2021\/02\/team_spirit_hrr4-2-238x180.png 238w, https:\/\/labo.kejal.fr\/wp-content\/uploads\/2021\/02\/team_spirit_hrr4-2.png 1138w\" sizes=\"(max-width: 1020px) 100vw, 1020px\" \/>\t\t\t\t\t\t\n\t\t\t\t\t<\/div>\n\t\t\t\t\t\t\t\t\n<style>\n#image_548069084 {\n  width: 87%;\n}\n<\/style>\n\t<\/div>\n\t\n\t\t<\/div>\n\t\t\n<style>\n#col-170746805 > .col-inner {\n  margin: -160px 0px 0px 0px;\n}\n<\/style>\n\t<\/div>\n\n\t\n<\/div>\n\t<div id=\"gap-472414860\" class=\"gap-element clearfix\" style=\"display:block; height:auto;\">\n\t\t\n<style>\n#gap-472414860 {\n  padding-top: 60px;\n}\n<\/style>\n\t<\/div>\n\t\n","protected":false},"excerpt":{"rendered":"","protected":false},"author":2,"featured_media":0,"parent":0,"menu_order":0,"comment_status":"closed","ping_status":"closed","template":"","meta":[],"yoast_head":"<!-- This site is optimized with the Yoast SEO plugin v20.9 - https:\/\/yoast.com\/wordpress\/plugins\/seo\/ -->\n<title>Di - Labo Kejal<\/title>\n<meta name=\"robots\" content=\"index, follow, max-snippet:-1, max-image-preview:large, max-video-preview:-1\" \/>\n<link rel=\"canonical\" href=\"https:\/\/labo.kejal.fr\/it\/di\/\" \/>\n<meta property=\"og:locale\" content=\"it_IT\" \/>\n<meta property=\"og:type\" content=\"article\" \/>\n<meta property=\"og:title\" content=\"Di - Labo Kejal\" \/>\n<meta property=\"og:url\" content=\"https:\/\/labo.kejal.fr\/it\/di\/\" \/>\n<meta property=\"og:site_name\" content=\"Labo Kejal\" \/>\n<meta property=\"article:modified_time\" content=\"2021-05-24T07:50:49+00:00\" \/>\n<meta name=\"twitter:card\" content=\"summary_large_image\" \/>\n<meta name=\"twitter:label1\" content=\"Tempo di lettura stimato\" \/>\n\t<meta name=\"twitter:data1\" content=\"2 minuti\" \/>\n<script type=\"application\/ld+json\" class=\"yoast-schema-graph\">{\"@context\":\"https:\/\/schema.org\",\"@graph\":[{\"@type\":\"WebPage\",\"@id\":\"https:\/\/labo.kejal.fr\/it\/di\/\",\"url\":\"https:\/\/labo.kejal.fr\/it\/di\/\",\"name\":\"Di - Labo Kejal\",\"isPartOf\":{\"@id\":\"https:\/\/labo.kejal.fr\/it\/#website\"},\"datePublished\":\"2021-05-24T07:50:48+00:00\",\"dateModified\":\"2021-05-24T07:50:49+00:00\",\"breadcrumb\":{\"@id\":\"https:\/\/labo.kejal.fr\/it\/di\/#breadcrumb\"},\"inLanguage\":\"it-IT\",\"potentialAction\":[{\"@type\":\"ReadAction\",\"target\":[\"https:\/\/labo.kejal.fr\/it\/di\/\"]}]},{\"@type\":\"BreadcrumbList\",\"@id\":\"https:\/\/labo.kejal.fr\/it\/di\/#breadcrumb\",\"itemListElement\":[{\"@type\":\"ListItem\",\"position\":1,\"name\":\"Accueil\",\"item\":\"https:\/\/labo.kejal.fr\/it\/\"},{\"@type\":\"ListItem\",\"position\":2,\"name\":\"Di\"}]},{\"@type\":\"WebSite\",\"@id\":\"https:\/\/labo.kejal.fr\/it\/#website\",\"url\":\"https:\/\/labo.kejal.fr\/it\/\",\"name\":\"Labo Kejal\",\"description\":\"Formations Creopss+\",\"publisher\":{\"@id\":\"https:\/\/labo.kejal.fr\/it\/#organization\"},\"potentialAction\":[{\"@type\":\"SearchAction\",\"target\":{\"@type\":\"EntryPoint\",\"urlTemplate\":\"https:\/\/labo.kejal.fr\/it\/?s={search_term_string}\"},\"query-input\":\"required name=search_term_string\"}],\"inLanguage\":\"it-IT\"},{\"@type\":\"Organization\",\"@id\":\"https:\/\/labo.kejal.fr\/it\/#organization\",\"name\":\"Labo Kejal\",\"url\":\"https:\/\/labo.kejal.fr\/it\/\",\"logo\":{\"@type\":\"ImageObject\",\"inLanguage\":\"it-IT\",\"@id\":\"https:\/\/labo.kejal.fr\/it\/#\/schema\/logo\/image\/\",\"url\":\"https:\/\/labo.kejal.fr\/wp-content\/uploads\/2021\/02\/logo-kejal-couleur-horizontal-2018.png\",\"contentUrl\":\"https:\/\/labo.kejal.fr\/wp-content\/uploads\/2021\/02\/logo-kejal-couleur-horizontal-2018.png\",\"width\":1860,\"height\":684,\"caption\":\"Labo Kejal\"},\"image\":{\"@id\":\"https:\/\/labo.kejal.fr\/it\/#\/schema\/logo\/image\/\"}}]}<\/script>\n<!-- \/ Yoast SEO plugin. -->","yoast_head_json":{"title":"Di - Labo Kejal","robots":{"index":"index","follow":"follow","max-snippet":"max-snippet:-1","max-image-preview":"max-image-preview:large","max-video-preview":"max-video-preview:-1"},"canonical":"https:\/\/labo.kejal.fr\/it\/di\/","og_locale":"it_IT","og_type":"article","og_title":"Di - Labo Kejal","og_url":"https:\/\/labo.kejal.fr\/it\/di\/","og_site_name":"Labo Kejal","article_modified_time":"2021-05-24T07:50:49+00:00","twitter_card":"summary_large_image","twitter_misc":{"Tempo di lettura stimato":"2 minuti"},"schema":{"@context":"https:\/\/schema.org","@graph":[{"@type":"WebPage","@id":"https:\/\/labo.kejal.fr\/it\/di\/","url":"https:\/\/labo.kejal.fr\/it\/di\/","name":"Di - Labo Kejal","isPartOf":{"@id":"https:\/\/labo.kejal.fr\/it\/#website"},"datePublished":"2021-05-24T07:50:48+00:00","dateModified":"2021-05-24T07:50:49+00:00","breadcrumb":{"@id":"https:\/\/labo.kejal.fr\/it\/di\/#breadcrumb"},"inLanguage":"it-IT","potentialAction":[{"@type":"ReadAction","target":["https:\/\/labo.kejal.fr\/it\/di\/"]}]},{"@type":"BreadcrumbList","@id":"https:\/\/labo.kejal.fr\/it\/di\/#breadcrumb","itemListElement":[{"@type":"ListItem","position":1,"name":"Accueil","item":"https:\/\/labo.kejal.fr\/it\/"},{"@type":"ListItem","position":2,"name":"Di"}]},{"@type":"WebSite","@id":"https:\/\/labo.kejal.fr\/it\/#website","url":"https:\/\/labo.kejal.fr\/it\/","name":"Labo Kejal","description":"Formations Creopss+","publisher":{"@id":"https:\/\/labo.kejal.fr\/it\/#organization"},"potentialAction":[{"@type":"SearchAction","target":{"@type":"EntryPoint","urlTemplate":"https:\/\/labo.kejal.fr\/it\/?s={search_term_string}"},"query-input":"required name=search_term_string"}],"inLanguage":"it-IT"},{"@type":"Organization","@id":"https:\/\/labo.kejal.fr\/it\/#organization","name":"Labo Kejal","url":"https:\/\/labo.kejal.fr\/it\/","logo":{"@type":"ImageObject","inLanguage":"it-IT","@id":"https:\/\/labo.kejal.fr\/it\/#\/schema\/logo\/image\/","url":"https:\/\/labo.kejal.fr\/wp-content\/uploads\/2021\/02\/logo-kejal-couleur-horizontal-2018.png","contentUrl":"https:\/\/labo.kejal.fr\/wp-content\/uploads\/2021\/02\/logo-kejal-couleur-horizontal-2018.png","width":1860,"height":684,"caption":"Labo Kejal"},"image":{"@id":"https:\/\/labo.kejal.fr\/it\/#\/schema\/logo\/image\/"}}]}},"_links":{"self":[{"href":"https:\/\/labo.kejal.fr\/it\/wp-json\/wp\/v2\/pages\/1186"}],"collection":[{"href":"https:\/\/labo.kejal.fr\/it\/wp-json\/wp\/v2\/pages"}],"about":[{"href":"https:\/\/labo.kejal.fr\/it\/wp-json\/wp\/v2\/types\/page"}],"author":[{"embeddable":true,"href":"https:\/\/labo.kejal.fr\/it\/wp-json\/wp\/v2\/users\/2"}],"replies":[{"embeddable":true,"href":"https:\/\/labo.kejal.fr\/it\/wp-json\/wp\/v2\/comments?post=1186"}],"version-history":[{"count":3,"href":"https:\/\/labo.kejal.fr\/it\/wp-json\/wp\/v2\/pages\/1186\/revisions"}],"predecessor-version":[{"id":1189,"href":"https:\/\/labo.kejal.fr\/it\/wp-json\/wp\/v2\/pages\/1186\/revisions\/1189"}],"wp:attachment":[{"href":"https:\/\/labo.kejal.fr\/it\/wp-json\/wp\/v2\/media?parent=1186"}],"curies":[{"name":"wp","href":"https:\/\/api.w.org\/{rel}","templated":true}]}}