{"id":1182,"date":"2021-05-18T15:29:00","date_gmt":"2021-05-18T13:29:00","guid":{"rendered":"https:\/\/labo.kejal.fr\/laboratorio\/"},"modified":"2021-05-24T09:54:05","modified_gmt":"2021-05-24T07:54:05","slug":"laboratorio","status":"publish","type":"page","link":"https:\/\/labo.kejal.fr\/it\/","title":{"rendered":"Laboratorio"},"content":{"rendered":"\t<div id=\"gap-755340266\" class=\"gap-element clearfix\" style=\"display:block; height:auto;\">\n\t\t\n<style>\n#gap-755340266 {\n  padding-top: 48px;\n}\n<\/style>\n\t<\/div>\n\t\n<div class=\"row\"  id=\"row-1408533954\">\n\n\t<div id=\"col-220564854\" class=\"col medium-8 small-12 large-8\"  >\n\t\t<div class=\"col-inner\" style=\"background-color:#a14102;\" >\n\t\t\t\n\t\t\t\n\t<div id=\"text-1974095649\" class=\"text\">\n\t\t\n<h1>Laboratorio Kejal<\/h1>\n<p>Unospazio di risorseformative condiviseche si aggiorna con lepratichee i progetti dei formatori\/mentorichesupportano la creazione e losviluppo di attivit\u00e0imprenditorialisolidali e sostenibilisulterritorio europeo.<\/p>\n\t\t\n<style>\n#text-1974095649 {\n  font-size: 1.25rem;\n  text-align: left;\n  color: rgb(255,255,255);\n}\n#text-1974095649 > * {\n  color: rgb(255,255,255);\n}\n<\/style>\n\t<\/div>\n\t\n\t\t<\/div>\n\t\t\n<style>\n#col-220564854 > .col-inner {\n  padding: 20px 20px 20px 21px;\n  border-radius: 10px;\n}\n<\/style>\n\t<\/div>\n\n\t\n\n\t<div id=\"col-1622572721\" class=\"col medium-4 small-12 large-4\"  >\n\t\t<div class=\"col-inner text-left\"  >\n\t\t\t\n\t\t\t\n\t\t<\/div>\n\t\t\n<style>\n#col-1622572721 > .col-inner {\n  margin: 0px 0px 0px -9px;\n}\n<\/style>\n\t<\/div>\n\n\t\n<\/div>\n<div class=\"row\"  id=\"row-2085734765\">\n\n\t<div id=\"col-1938981771\" class=\"col medium-4 small-12 large-4\"  >\n\t\t<div class=\"col-inner\"  >\n\t\t\t\n\t\t\t\n\t\t<\/div>\n\t\t\t<\/div>\n\n\t\n\n\t<div id=\"col-1010041483\" class=\"col medium-7 small-12 large-7\"  >\n\t\t<div class=\"col-inner text-right\"  >\n\t\t\t\n\t\t\t\n\t<div class=\"img has-hover x md-x lg-x y md-y lg-y\" id=\"image_89719179\">\n\t\t\t\t\t\t\t\t<div class=\"img-inner dark\" >\n\t\t\t<img width=\"881\" height=\"573\" src=\"https:\/\/labo.kejal.fr\/wp-content\/uploads\/2021\/02\/collaborators_prrw.png\" class=\"attachment-large size-large\" alt=\"Kejal - Quevrt\" decoding=\"async\" loading=\"lazy\" srcset=\"https:\/\/labo.kejal.fr\/wp-content\/uploads\/2021\/02\/collaborators_prrw.png 881w, https:\/\/labo.kejal.fr\/wp-content\/uploads\/2021\/02\/collaborators_prrw-300x195.png 300w, https:\/\/labo.kejal.fr\/wp-content\/uploads\/2021\/02\/collaborators_prrw-768x500.png 768w, https:\/\/labo.kejal.fr\/wp-content\/uploads\/2021\/02\/collaborators_prrw-240x156.png 240w\" sizes=\"(max-width: 881px) 100vw, 881px\" \/>\t\t\t\t\t\t\n\t\t\t\t\t<\/div>\n\t\t\t\t\t\t\t\t\n<style>\n#image_89719179 {\n  width: 83%;\n}\n<\/style>\n\t<\/div>\n\t\n\t\t<\/div>\n\t\t\n<style>\n#col-1010041483 > .col-inner {\n  margin: -70px 0px 0px 0px;\n}\n<\/style>\n\t<\/div>\n\n\t\n<\/div>\n\t<div id=\"gap-1667849112\" class=\"gap-element clearfix\" style=\"display:block; height:auto;\">\n\t\t\n<style>\n#gap-1667849112 {\n  padding-top: 50px;\n}\n<\/style>\n\t<\/div>\n\t\n\t<section class=\"section\" id=\"section_1503109756\">\n\t\t<div class=\"bg section-bg fill bg-fill  bg-loaded\" >\n\n\t\t\t\n\t\t\t\n\t\t\t\n\n\t\t<\/div>\n\n\t\t<div class=\"section-content relative\">\n\t\t\t\n<div class=\"row align-middle\"  id=\"row-1365324248\">\n\n\t<div id=\"col-1062177762\" class=\"col medium-6 small-12 large-6\"  >\n\t\t<div class=\"col-inner text-right\"  >\n\t\t\t\n\t\t\t\n\t<div id=\"text-1735973183\" class=\"text\">\n\t\t\n<h2><span style=\"font-size: 150%;\">Creopss+<\/span><\/h2>\n<p>CREOPSS + \u00e8 sviluppatonelquadro del programma ERASMUS + in partenariato con l&#8217;associazione <a href=\"https:\/\/www.facebook.com\/intercultura22\/\">Intercultura<\/a> (Francia), <a href=\"https:\/\/www.ifoa.it\/\">IFOA<\/a>(Italia), <a href=\"http:\/\/www.incoma.net\/IncomaPublic\/es\/zonaPublica\/index\">INCOMA<\/a> (Spagna), l&#8217;associazione <a href=\"https:\/\/www.asociacionauryn.org\/\">AURYN<\/a> (Spagna) e l&#8217;associazione <a href=\"https:\/\/www.linkyouth.org\/\">LINK<\/a> (Italia).<\/p>\n<p><strong>Il principio del progetto:creare un kit pedagogico per gliimprenditoridell&#8217;economiasolidale e dellosvilupposostenibile, adattatoed efficace per i progetti di creazione d\u2019impresa adimensioneeuropea.<\/strong><\/p>\n\t\t\n<style>\n#text-1735973183 {\n  text-align: left;\n}\n<\/style>\n\t<\/div>\n\t\n<a href=\"https:\/\/labo.kejal.fr\/creopss\/\" target=\"_self\" class=\"button primary\"  >\n    <span>Acc\u00e8s \u00e0 la boite \u00e0 outils du CREOPSS+<\/span>\n  <\/a>\n\n\t\t<\/div>\n\t\t\t<\/div>\n\n\t\n\n\t<div id=\"col-1588666131\" class=\"col medium-6 small-12 large-6\"  >\n\t\t<div class=\"col-inner\"  >\n\t\t\t\n\t\t\t\n\t<div class=\"box has-hover   has-hover box-text-bottom\" >\n\n\t\t<div class=\"box-image\" style=\"border-radius:4%;\">\n\t\t\t\t\t\t<div class=\"\" >\n\t\t\t\t<img width=\"2000\" height=\"1500\" src=\"https:\/\/labo.kejal.fr\/wp-content\/uploads\/2021\/03\/groupe-rassemblement-1.jpg\" class=\"attachment- size-\" alt=\"incubateur entrepreneur kejal Dinan en Bretagne\" decoding=\"async\" loading=\"lazy\" srcset=\"https:\/\/labo.kejal.fr\/wp-content\/uploads\/2021\/03\/groupe-rassemblement-1.jpg 2000w, https:\/\/labo.kejal.fr\/wp-content\/uploads\/2021\/03\/groupe-rassemblement-1-300x225.jpg 300w, https:\/\/labo.kejal.fr\/wp-content\/uploads\/2021\/03\/groupe-rassemblement-1-1024x768.jpg 1024w, https:\/\/labo.kejal.fr\/wp-content\/uploads\/2021\/03\/groupe-rassemblement-1-768x576.jpg 768w, https:\/\/labo.kejal.fr\/wp-content\/uploads\/2021\/03\/groupe-rassemblement-1-1536x1152.jpg 1536w, https:\/\/labo.kejal.fr\/wp-content\/uploads\/2021\/03\/groupe-rassemblement-1-240x180.jpg 240w\" sizes=\"(max-width: 2000px) 100vw, 2000px\" \/>\t\t\t\t\t\t\t\t\t\t\t<\/div>\n\t\t\t\t\t<\/div>\n\n\t\t<div class=\"box-text text-center\" >\n\t\t\t<div class=\"box-text-inner\">\n\t\t\t\t\n\t\t\t<\/div>\n\t\t<\/div>\n\t<\/div>\n\t\n\t\t<\/div>\n\t\t\t<\/div>\n\n\t\n<\/div>\n\t\t<\/div>\n\n\t\t\n<style>\n#section_1503109756 {\n  padding-top: 30px;\n  padding-bottom: 30px;\n  background-color: rgb(242, 233, 233);\n}\n<\/style>\n\t<\/section>\n\t\n\t<div id=\"gap-1223689738\" class=\"gap-element clearfix\" style=\"display:block; height:auto;\">\n\t\t\n<style>\n#gap-1223689738 {\n  padding-top: 60px;\n}\n<\/style>\n\t<\/div>\n\t\n<div class=\"row row-collapse align-middle\"  id=\"row-1689165762\">\n\n\t<div id=\"col-1175107998\" class=\"col small-12 large-12\"  >\n\t\t<div class=\"col-inner text-center dark\"  >\n\t\t\t\n\t\t\t\n<a href=\"https:\/\/labo.kejal.fr\/a-propos\/\" target=\"_self\" class=\"button secondary expand\"  style=\"border-radius:10px;\">\n    <span>En savoir sur KEJAL et le labo<\/span>\n  <\/a>\n\n\t\t<\/div>\n\t\t\n<style>\n#col-1175107998 > .col-inner {\n  border-radius: 10px;\n}\n<\/style>\n\t<\/div>\n\n\t\n<\/div>\n\t<div id=\"gap-1871228663\" class=\"gap-element clearfix\" style=\"display:block; height:auto;\">\n\t\t\n<style>\n#gap-1871228663 {\n  padding-top: 60px;\n}\n<\/style>\n\t<\/div>\n\t\n","protected":false},"excerpt":{"rendered":"","protected":false},"author":2,"featured_media":0,"parent":0,"menu_order":0,"comment_status":"closed","ping_status":"closed","template":"page-blank.php","meta":[],"yoast_head":"<!-- This site is optimized with the Yoast SEO plugin v20.9 - https:\/\/yoast.com\/wordpress\/plugins\/seo\/ -->\n<title>Laboratorio - Labo Kejal<\/title>\n<meta name=\"robots\" content=\"index, follow, max-snippet:-1, max-image-preview:large, max-video-preview:-1\" \/>\n<link rel=\"canonical\" href=\"https:\/\/labo.kejal.fr\/it\/\" \/>\n<meta property=\"og:locale\" content=\"it_IT\" \/>\n<meta property=\"og:type\" content=\"article\" \/>\n<meta property=\"og:title\" content=\"Laboratorio - Labo Kejal\" \/>\n<meta property=\"og:url\" content=\"https:\/\/labo.kejal.fr\/it\/\" \/>\n<meta property=\"og:site_name\" content=\"Labo Kejal\" \/>\n<meta property=\"article:modified_time\" content=\"2021-05-24T07:54:05+00:00\" \/>\n<meta name=\"twitter:card\" content=\"summary_large_image\" \/>\n<meta name=\"twitter:label1\" content=\"Tempo di lettura stimato\" \/>\n\t<meta name=\"twitter:data1\" content=\"1 minuto\" \/>\n<script type=\"application\/ld+json\" class=\"yoast-schema-graph\">{\"@context\":\"https:\/\/schema.org\",\"@graph\":[{\"@type\":\"WebPage\",\"@id\":\"https:\/\/labo.kejal.fr\/it\/\",\"url\":\"https:\/\/labo.kejal.fr\/it\/\",\"name\":\"Laboratorio - Labo Kejal\",\"isPartOf\":{\"@id\":\"https:\/\/labo.kejal.fr\/it\/#website\"},\"datePublished\":\"2021-05-18T13:29:00+00:00\",\"dateModified\":\"2021-05-24T07:54:05+00:00\",\"breadcrumb\":{\"@id\":\"https:\/\/labo.kejal.fr\/it\/#breadcrumb\"},\"inLanguage\":\"it-IT\",\"potentialAction\":[{\"@type\":\"ReadAction\",\"target\":[\"https:\/\/labo.kejal.fr\/it\/\"]}]},{\"@type\":\"BreadcrumbList\",\"@id\":\"https:\/\/labo.kejal.fr\/it\/#breadcrumb\",\"itemListElement\":[{\"@type\":\"ListItem\",\"position\":1,\"name\":\"Accueil\",\"item\":\"https:\/\/labo.kejal.fr\/it\/\"},{\"@type\":\"ListItem\",\"position\":2,\"name\":\"Laboratorio\"}]},{\"@type\":\"WebSite\",\"@id\":\"https:\/\/labo.kejal.fr\/it\/#website\",\"url\":\"https:\/\/labo.kejal.fr\/it\/\",\"name\":\"Labo Kejal\",\"description\":\"Formations Creopss+\",\"publisher\":{\"@id\":\"https:\/\/labo.kejal.fr\/it\/#organization\"},\"potentialAction\":[{\"@type\":\"SearchAction\",\"target\":{\"@type\":\"EntryPoint\",\"urlTemplate\":\"https:\/\/labo.kejal.fr\/it\/?s={search_term_string}\"},\"query-input\":\"required name=search_term_string\"}],\"inLanguage\":\"it-IT\"},{\"@type\":\"Organization\",\"@id\":\"https:\/\/labo.kejal.fr\/it\/#organization\",\"name\":\"Labo Kejal\",\"url\":\"https:\/\/labo.kejal.fr\/it\/\",\"logo\":{\"@type\":\"ImageObject\",\"inLanguage\":\"it-IT\",\"@id\":\"https:\/\/labo.kejal.fr\/it\/#\/schema\/logo\/image\/\",\"url\":\"https:\/\/labo.kejal.fr\/wp-content\/uploads\/2021\/02\/logo-kejal-couleur-horizontal-2018.png\",\"contentUrl\":\"https:\/\/labo.kejal.fr\/wp-content\/uploads\/2021\/02\/logo-kejal-couleur-horizontal-2018.png\",\"width\":1860,\"height\":684,\"caption\":\"Labo Kejal\"},\"image\":{\"@id\":\"https:\/\/labo.kejal.fr\/it\/#\/schema\/logo\/image\/\"}}]}<\/script>\n<!-- \/ Yoast SEO plugin. -->","yoast_head_json":{"title":"Laboratorio - Labo Kejal","robots":{"index":"index","follow":"follow","max-snippet":"max-snippet:-1","max-image-preview":"max-image-preview:large","max-video-preview":"max-video-preview:-1"},"canonical":"https:\/\/labo.kejal.fr\/it\/","og_locale":"it_IT","og_type":"article","og_title":"Laboratorio - Labo Kejal","og_url":"https:\/\/labo.kejal.fr\/it\/","og_site_name":"Labo Kejal","article_modified_time":"2021-05-24T07:54:05+00:00","twitter_card":"summary_large_image","twitter_misc":{"Tempo di lettura stimato":"1 minuto"},"schema":{"@context":"https:\/\/schema.org","@graph":[{"@type":"WebPage","@id":"https:\/\/labo.kejal.fr\/it\/","url":"https:\/\/labo.kejal.fr\/it\/","name":"Laboratorio - Labo Kejal","isPartOf":{"@id":"https:\/\/labo.kejal.fr\/it\/#website"},"datePublished":"2021-05-18T13:29:00+00:00","dateModified":"2021-05-24T07:54:05+00:00","breadcrumb":{"@id":"https:\/\/labo.kejal.fr\/it\/#breadcrumb"},"inLanguage":"it-IT","potentialAction":[{"@type":"ReadAction","target":["https:\/\/labo.kejal.fr\/it\/"]}]},{"@type":"BreadcrumbList","@id":"https:\/\/labo.kejal.fr\/it\/#breadcrumb","itemListElement":[{"@type":"ListItem","position":1,"name":"Accueil","item":"https:\/\/labo.kejal.fr\/it\/"},{"@type":"ListItem","position":2,"name":"Laboratorio"}]},{"@type":"WebSite","@id":"https:\/\/labo.kejal.fr\/it\/#website","url":"https:\/\/labo.kejal.fr\/it\/","name":"Labo Kejal","description":"Formations Creopss+","publisher":{"@id":"https:\/\/labo.kejal.fr\/it\/#organization"},"potentialAction":[{"@type":"SearchAction","target":{"@type":"EntryPoint","urlTemplate":"https:\/\/labo.kejal.fr\/it\/?s={search_term_string}"},"query-input":"required name=search_term_string"}],"inLanguage":"it-IT"},{"@type":"Organization","@id":"https:\/\/labo.kejal.fr\/it\/#organization","name":"Labo Kejal","url":"https:\/\/labo.kejal.fr\/it\/","logo":{"@type":"ImageObject","inLanguage":"it-IT","@id":"https:\/\/labo.kejal.fr\/it\/#\/schema\/logo\/image\/","url":"https:\/\/labo.kejal.fr\/wp-content\/uploads\/2021\/02\/logo-kejal-couleur-horizontal-2018.png","contentUrl":"https:\/\/labo.kejal.fr\/wp-content\/uploads\/2021\/02\/logo-kejal-couleur-horizontal-2018.png","width":1860,"height":684,"caption":"Labo Kejal"},"image":{"@id":"https:\/\/labo.kejal.fr\/it\/#\/schema\/logo\/image\/"}}]}},"_links":{"self":[{"href":"https:\/\/labo.kejal.fr\/it\/wp-json\/wp\/v2\/pages\/1182"}],"collection":[{"href":"https:\/\/labo.kejal.fr\/it\/wp-json\/wp\/v2\/pages"}],"about":[{"href":"https:\/\/labo.kejal.fr\/it\/wp-json\/wp\/v2\/types\/page"}],"author":[{"embeddable":true,"href":"https:\/\/labo.kejal.fr\/it\/wp-json\/wp\/v2\/users\/2"}],"replies":[{"embeddable":true,"href":"https:\/\/labo.kejal.fr\/it\/wp-json\/wp\/v2\/comments?post=1182"}],"version-history":[{"count":7,"href":"https:\/\/labo.kejal.fr\/it\/wp-json\/wp\/v2\/pages\/1182\/revisions"}],"predecessor-version":[{"id":1193,"href":"https:\/\/labo.kejal.fr\/it\/wp-json\/wp\/v2\/pages\/1182\/revisions\/1193"}],"wp:attachment":[{"href":"https:\/\/labo.kejal.fr\/it\/wp-json\/wp\/v2\/media?parent=1182"}],"curies":[{"name":"wp","href":"https:\/\/api.w.org\/{rel}","templated":true}]}}