{"id":1216,"date":"2021-05-24T10:17:03","date_gmt":"2021-05-24T08:17:03","guid":{"rendered":"https:\/\/labo.kejal.fr\/contactar\/"},"modified":"2021-05-24T10:17:04","modified_gmt":"2021-05-24T08:17:04","slug":"contactar","status":"publish","type":"page","link":"https:\/\/labo.kejal.fr\/es\/contactar\/","title":{"rendered":"Contactar"},"content":{"rendered":"<div class=\"row align-equal\"  id=\"row-515382982\">\n\n\t<div id=\"col-648390922\" class=\"col medium-6 small-12 large-6\"  >\n\t\t<div class=\"col-inner text-center dark\" style=\"background-color:#a14102;\" >\n\t\t\t\n\t\t\t\n\t<div class=\"img has-hover x md-x lg-x y md-y lg-y\" id=\"image_988822493\">\n\t\t\t\t\t\t\t\t<div class=\"img-inner dark\" >\n\t\t\t<img width=\"791\" height=\"731\" src=\"https:\/\/labo.kejal.fr\/wp-content\/uploads\/2021\/03\/undraw_contract_uy56.png\" class=\"attachment-large size-large\" alt=\"\" decoding=\"async\" loading=\"lazy\" srcset=\"https:\/\/labo.kejal.fr\/wp-content\/uploads\/2021\/03\/undraw_contract_uy56.png 791w, https:\/\/labo.kejal.fr\/wp-content\/uploads\/2021\/03\/undraw_contract_uy56-300x277.png 300w, https:\/\/labo.kejal.fr\/wp-content\/uploads\/2021\/03\/undraw_contract_uy56-768x710.png 768w, https:\/\/labo.kejal.fr\/wp-content\/uploads\/2021\/03\/undraw_contract_uy56-195x180.png 195w\" sizes=\"(max-width: 791px) 100vw, 791px\" \/>\t\t\t\t\t\t\n\t\t\t\t\t<\/div>\n\t\t\t\t\t\t\t\t\n<style>\n#image_988822493 {\n  width: 68%;\n}\n<\/style>\n\t<\/div>\n\t\n\t<div id=\"text-1551206239\" class=\"text\">\n\t\t\n<h1>Contacte con el equipo de Kejal Lab<\/h1>\n<p>Por favor, especifique el tema de su solicitud y la instituci\u00f3n a la que representa.<\/p>\n<p>Una vez que hayamos recibido su solicitud, nos pondremos en contacto directamente con usted para hablar del funcionamiento de esta caja de herramientas.<\/p>\n<p>Gracias.<\/p>\n\t\t\n<style>\n#text-1551206239 {\n  text-align: left;\n}\n<\/style>\n\t<\/div>\n\t\n\t\t<\/div>\n\t\t\n<style>\n#col-648390922 > .col-inner {\n  padding: 20px 20px 20px 20px;\n  border-radius: 16px;\n}\n<\/style>\n\t<\/div>\n\n\t\n\n\t<div id=\"col-1281175399\" class=\"col medium-6 small-12 large-6\"  >\n\t\t<div class=\"col-inner\"  >\n\t\t\t\n\t\t\t\n<div class=\"wpforms-container wpforms-container-full\" id=\"wpforms-321\"><form id=\"wpforms-form-321\" class=\"wpforms-validate wpforms-form\" data-formid=\"321\" method=\"post\" enctype=\"multipart\/form-data\" action=\"\/es\/wp-json\/wp\/v2\/pages\/1216\" data-token=\"550c5818c3028851bb90e539203b7326\" data-token-time=\"1776541698\"><noscript class=\"wpforms-error-noscript\">Por favor, activa JavaScript en tu navegador para completar este formulario.<\/noscript><div class=\"wpforms-field-container\"><div id=\"wpforms-321-field_0-container\" class=\"wpforms-field wpforms-field-name\" data-field-id=\"0\"><label class=\"wpforms-field-label\" for=\"wpforms-321-field_0\">Pr\u00e9nom Nom <span class=\"wpforms-required-label\">*<\/span><\/label><input type=\"text\" id=\"wpforms-321-field_0\" class=\"wpforms-field-medium wpforms-field-required\" name=\"wpforms[fields][0]\" required><\/div><div id=\"wpforms-321-field_1-container\" class=\"wpforms-field wpforms-field-email\" data-field-id=\"1\"><label class=\"wpforms-field-label\" for=\"wpforms-321-field_1\">E-mail <span class=\"wpforms-required-label\">*<\/span><\/label><input type=\"email\" id=\"wpforms-321-field_1\" class=\"wpforms-field-medium wpforms-field-required\" name=\"wpforms[fields][1]\" spellcheck=\"false\" required><\/div><div id=\"wpforms-321-field_6-container\" class=\"wpforms-field wpforms-field-text\" data-field-id=\"6\"><label class=\"wpforms-field-label\" for=\"wpforms-321-field_6\">Nom de votre structure<\/label><input type=\"text\" id=\"wpforms-321-field_6\" class=\"wpforms-field-medium\" name=\"wpforms[fields][6]\" ><\/div><div id=\"wpforms-321-field_4-container\" class=\"wpforms-field wpforms-field-checkbox\" data-field-id=\"4\"><ul id=\"wpforms-321-field_4\"><li class=\"choice-1 depth-1\"><input type=\"checkbox\" id=\"wpforms-321-field_4_1\" name=\"wpforms[fields][4][]\" value=\"Je demande un acc\u00e8s \u00e0 la boite \u00e0 outils Creopss+\"  ><label class=\"wpforms-field-label-inline\" for=\"wpforms-321-field_4_1\">Je demande un acc\u00e8s \u00e0 la boite \u00e0 outils Creopss+<\/label><\/li><\/ul><\/div><div id=\"wpforms-321-field_2-container\" class=\"wpforms-field wpforms-field-textarea\" data-field-id=\"2\"><label class=\"wpforms-field-label\" for=\"wpforms-321-field_2\">Votre message <span class=\"wpforms-required-label\">*<\/span><\/label><textarea id=\"wpforms-321-field_2\" class=\"wpforms-field-medium wpforms-field-required\" name=\"wpforms[fields][2]\" required><\/textarea><\/div><div id=\"wpforms-321-field_5-container\" class=\"wpforms-field wpforms-field-gdpr-checkbox\" data-field-id=\"5\"><label class=\"wpforms-field-label wpforms-label-hide\">Accord RGPD <span class=\"wpforms-required-label\">*<\/span><\/label><ul id=\"wpforms-321-field_5\" class=\"wpforms-field-required\"><li class=\"choice-1\"><input type=\"checkbox\" id=\"wpforms-321-field_5_1\" name=\"wpforms[fields][5][]\" value=\"Je consens \u00e0 ce que ce site stocke mes informations envoy\u00e9es afin qu\u2019ils puissent r\u00e9pondre \u00e0 ma requ\u00eate.\" required ><label class=\"wpforms-field-label-inline\" for=\"wpforms-321-field_5_1\">Je consens \u00e0 ce que ce site stocke mes informations envoy\u00e9es afin qu\u2019ils puissent r\u00e9pondre \u00e0 ma requ\u00eate. <span class=\"wpforms-required-label\">*<\/span><\/label><\/li><\/ul><\/div><\/div><!-- .wpforms-field-container --><div class=\"wpforms-submit-container\" ><input type=\"hidden\" name=\"wpforms[id]\" value=\"321\"><input type=\"hidden\" name=\"page_title\" value=\"\"><input type=\"hidden\" name=\"page_url\" value=\"https:\/\/labo.kejal.fr\/es\/wp-json\/wp\/v2\/pages\/1216\"><input type=\"hidden\" name=\"url_referer\" value=\"\"><button type=\"submit\" name=\"wpforms[submit]\" id=\"wpforms-submit-321\" class=\"wpforms-submit\" data-alt-text=\"Envoi...\" data-submit-text=\"Envoyer\" aria-live=\"assertive\" value=\"wpforms-submit\">Envoyer<\/button><\/div><\/form><\/div>  <!-- .wpforms-container -->\n\t\t<\/div>\n\t\t\t<\/div>\n\n\t\n<\/div>\n","protected":false},"excerpt":{"rendered":"","protected":false},"author":2,"featured_media":0,"parent":0,"menu_order":0,"comment_status":"closed","ping_status":"closed","template":"","meta":[],"yoast_head":"<!-- This site is optimized with the Yoast SEO plugin v20.9 - https:\/\/yoast.com\/wordpress\/plugins\/seo\/ -->\n<title>Contactar - Labo Kejal<\/title>\n<meta name=\"robots\" content=\"index, follow, max-snippet:-1, max-image-preview:large, max-video-preview:-1\" \/>\n<link rel=\"canonical\" href=\"https:\/\/labo.kejal.fr\/es\/contactar\/\" \/>\n<meta property=\"og:locale\" content=\"es_ES\" \/>\n<meta property=\"og:type\" content=\"article\" \/>\n<meta property=\"og:title\" content=\"Contactar - Labo Kejal\" \/>\n<meta property=\"og:url\" content=\"https:\/\/labo.kejal.fr\/es\/contactar\/\" \/>\n<meta property=\"og:site_name\" content=\"Labo Kejal\" \/>\n<meta property=\"article:modified_time\" content=\"2021-05-24T08:17:04+00:00\" \/>\n<meta name=\"twitter:card\" content=\"summary_large_image\" \/>\n<script type=\"application\/ld+json\" class=\"yoast-schema-graph\">{\"@context\":\"https:\/\/schema.org\",\"@graph\":[{\"@type\":\"WebPage\",\"@id\":\"https:\/\/labo.kejal.fr\/es\/contactar\/\",\"url\":\"https:\/\/labo.kejal.fr\/es\/contactar\/\",\"name\":\"Contactar - Labo Kejal\",\"isPartOf\":{\"@id\":\"https:\/\/labo.kejal.fr\/es\/#website\"},\"datePublished\":\"2021-05-24T08:17:03+00:00\",\"dateModified\":\"2021-05-24T08:17:04+00:00\",\"breadcrumb\":{\"@id\":\"https:\/\/labo.kejal.fr\/es\/contactar\/#breadcrumb\"},\"inLanguage\":\"es\",\"potentialAction\":[{\"@type\":\"ReadAction\",\"target\":[\"https:\/\/labo.kejal.fr\/es\/contactar\/\"]}]},{\"@type\":\"BreadcrumbList\",\"@id\":\"https:\/\/labo.kejal.fr\/es\/contactar\/#breadcrumb\",\"itemListElement\":[{\"@type\":\"ListItem\",\"position\":1,\"name\":\"Accueil\",\"item\":\"https:\/\/labo.kejal.fr\/es\/\"},{\"@type\":\"ListItem\",\"position\":2,\"name\":\"Contactar\"}]},{\"@type\":\"WebSite\",\"@id\":\"https:\/\/labo.kejal.fr\/es\/#website\",\"url\":\"https:\/\/labo.kejal.fr\/es\/\",\"name\":\"Labo Kejal\",\"description\":\"Formations Creopss+\",\"publisher\":{\"@id\":\"https:\/\/labo.kejal.fr\/es\/#organization\"},\"potentialAction\":[{\"@type\":\"SearchAction\",\"target\":{\"@type\":\"EntryPoint\",\"urlTemplate\":\"https:\/\/labo.kejal.fr\/es\/?s={search_term_string}\"},\"query-input\":\"required name=search_term_string\"}],\"inLanguage\":\"es\"},{\"@type\":\"Organization\",\"@id\":\"https:\/\/labo.kejal.fr\/es\/#organization\",\"name\":\"Labo Kejal\",\"url\":\"https:\/\/labo.kejal.fr\/es\/\",\"logo\":{\"@type\":\"ImageObject\",\"inLanguage\":\"es\",\"@id\":\"https:\/\/labo.kejal.fr\/es\/#\/schema\/logo\/image\/\",\"url\":\"https:\/\/labo.kejal.fr\/wp-content\/uploads\/2021\/02\/logo-kejal-couleur-horizontal-2018.png\",\"contentUrl\":\"https:\/\/labo.kejal.fr\/wp-content\/uploads\/2021\/02\/logo-kejal-couleur-horizontal-2018.png\",\"width\":1860,\"height\":684,\"caption\":\"Labo Kejal\"},\"image\":{\"@id\":\"https:\/\/labo.kejal.fr\/es\/#\/schema\/logo\/image\/\"}}]}<\/script>\n<!-- \/ Yoast SEO plugin. -->","yoast_head_json":{"title":"Contactar - Labo Kejal","robots":{"index":"index","follow":"follow","max-snippet":"max-snippet:-1","max-image-preview":"max-image-preview:large","max-video-preview":"max-video-preview:-1"},"canonical":"https:\/\/labo.kejal.fr\/es\/contactar\/","og_locale":"es_ES","og_type":"article","og_title":"Contactar - Labo Kejal","og_url":"https:\/\/labo.kejal.fr\/es\/contactar\/","og_site_name":"Labo Kejal","article_modified_time":"2021-05-24T08:17:04+00:00","twitter_card":"summary_large_image","schema":{"@context":"https:\/\/schema.org","@graph":[{"@type":"WebPage","@id":"https:\/\/labo.kejal.fr\/es\/contactar\/","url":"https:\/\/labo.kejal.fr\/es\/contactar\/","name":"Contactar - Labo Kejal","isPartOf":{"@id":"https:\/\/labo.kejal.fr\/es\/#website"},"datePublished":"2021-05-24T08:17:03+00:00","dateModified":"2021-05-24T08:17:04+00:00","breadcrumb":{"@id":"https:\/\/labo.kejal.fr\/es\/contactar\/#breadcrumb"},"inLanguage":"es","potentialAction":[{"@type":"ReadAction","target":["https:\/\/labo.kejal.fr\/es\/contactar\/"]}]},{"@type":"BreadcrumbList","@id":"https:\/\/labo.kejal.fr\/es\/contactar\/#breadcrumb","itemListElement":[{"@type":"ListItem","position":1,"name":"Accueil","item":"https:\/\/labo.kejal.fr\/es\/"},{"@type":"ListItem","position":2,"name":"Contactar"}]},{"@type":"WebSite","@id":"https:\/\/labo.kejal.fr\/es\/#website","url":"https:\/\/labo.kejal.fr\/es\/","name":"Labo Kejal","description":"Formations Creopss+","publisher":{"@id":"https:\/\/labo.kejal.fr\/es\/#organization"},"potentialAction":[{"@type":"SearchAction","target":{"@type":"EntryPoint","urlTemplate":"https:\/\/labo.kejal.fr\/es\/?s={search_term_string}"},"query-input":"required name=search_term_string"}],"inLanguage":"es"},{"@type":"Organization","@id":"https:\/\/labo.kejal.fr\/es\/#organization","name":"Labo Kejal","url":"https:\/\/labo.kejal.fr\/es\/","logo":{"@type":"ImageObject","inLanguage":"es","@id":"https:\/\/labo.kejal.fr\/es\/#\/schema\/logo\/image\/","url":"https:\/\/labo.kejal.fr\/wp-content\/uploads\/2021\/02\/logo-kejal-couleur-horizontal-2018.png","contentUrl":"https:\/\/labo.kejal.fr\/wp-content\/uploads\/2021\/02\/logo-kejal-couleur-horizontal-2018.png","width":1860,"height":684,"caption":"Labo Kejal"},"image":{"@id":"https:\/\/labo.kejal.fr\/es\/#\/schema\/logo\/image\/"}}]}},"_links":{"self":[{"href":"https:\/\/labo.kejal.fr\/es\/wp-json\/wp\/v2\/pages\/1216"}],"collection":[{"href":"https:\/\/labo.kejal.fr\/es\/wp-json\/wp\/v2\/pages"}],"about":[{"href":"https:\/\/labo.kejal.fr\/es\/wp-json\/wp\/v2\/types\/page"}],"author":[{"embeddable":true,"href":"https:\/\/labo.kejal.fr\/es\/wp-json\/wp\/v2\/users\/2"}],"replies":[{"embeddable":true,"href":"https:\/\/labo.kejal.fr\/es\/wp-json\/wp\/v2\/comments?post=1216"}],"version-history":[{"count":2,"href":"https:\/\/labo.kejal.fr\/es\/wp-json\/wp\/v2\/pages\/1216\/revisions"}],"predecessor-version":[{"id":1221,"href":"https:\/\/labo.kejal.fr\/es\/wp-json\/wp\/v2\/pages\/1216\/revisions\/1221"}],"wp:attachment":[{"href":"https:\/\/labo.kejal.fr\/es\/wp-json\/wp\/v2\/media?parent=1216"}],"curies":[{"name":"wp","href":"https:\/\/api.w.org\/{rel}","templated":true}]}}