{"id":1213,"date":"2021-05-24T10:17:02","date_gmt":"2021-05-24T08:17:02","guid":{"rendered":"https:\/\/labo.kejal.fr\/a-proposito\/"},"modified":"2021-05-24T10:17:04","modified_gmt":"2021-05-24T08:17:04","slug":"a-proposito","status":"publish","type":"page","link":"https:\/\/labo.kejal.fr\/es\/a-proposito\/","title":{"rendered":"A proposito"},"content":{"rendered":"<div class=\"row\"  id=\"row-1926901553\">\n\n\t<div id=\"col-950045364\" class=\"col medium-9 small-12 large-9\"  >\n\t\t<div class=\"col-inner dark\" style=\"background-color:#770a03;\" >\n\t\t\t\n\t\t\t\n<h2>Kejal en pocas palabras<\/h2>\n<p>KEJAL es una Sociedad Cooperativa de Inter\u00e9s Colectivo -SCIC- cuyas actividades principales se basan en un centro de formaci\u00f3n y un espacio de acompa\u00f1amiento de proyectos y empresas.<\/p>\n<p>Su objetivo es promover la creaci\u00f3n y realizaci\u00f3n de actividades que contribuyan al desarrollo sostenible y ecol\u00f3gico y que formen parte de la econom\u00eda social, solidaria, local y justa.<\/p>\n<p>La cooperativa est\u00e1 formada por miembros, estructuras o profesionales, que trabajan juntos para el desarrollo de una econom\u00eda solidaria que se preocupa por el equilibrio ecol\u00f3gico.<\/p>\n<p>Procedentes de distintos sectores (comercio, finanzas, animaci\u00f3n, educaci\u00f3n popular, formaci\u00f3n, proyectos europeos&#8230;), los miembros de la kejal ponen en com\u00fan sus competencias y medios complementarios para acompa\u00f1ar, asesorar y formar a las personas o empresas que deseen incorporarse a estos planteamientos.<\/p>\n<p>La cooperativa ofrece un espacio de formaci\u00f3n y experiencia para:<\/p>\n<p>Dise\u00f1ar y poner en pr\u00e1ctica cursos de formaci\u00f3n adaptados para los jefes de proyecto.<\/p>\n<p>Construir propuestas de consultor\u00eda, apoyo, auditor\u00eda, estudio y servicio para personas y empresas.<\/p>\n\t\t<\/div>\n\t\t\n<style>\n#col-950045364 > .col-inner {\n  padding: 30px 30px 30px 30px;\n  border-radius: 15px;\n}\n<\/style>\n\t<\/div>\n\n\t\n\n\t<div id=\"col-685265454\" class=\"col hide-for-small medium-3 small-12 large-3\"  >\n\t\t<div class=\"col-inner\"  >\n\t\t\t\n\t\t\t\n\t<div class=\"img has-hover x md-x lg-x y md-y lg-y\" id=\"image_1372505697\">\n\t\t\t\t\t\t\t\t<div class=\"img-inner dark\" >\n\t\t\t<img width=\"377\" height=\"1024\" src=\"https:\/\/labo.kejal.fr\/wp-content\/uploads\/2021\/03\/logo-kejal-couleur-vertical-2018-377x1024.png\" class=\"attachment-large size-large\" alt=\"Kejal\" decoding=\"async\" loading=\"lazy\" srcset=\"https:\/\/labo.kejal.fr\/wp-content\/uploads\/2021\/03\/logo-kejal-couleur-vertical-2018-377x1024.png 377w, https:\/\/labo.kejal.fr\/wp-content\/uploads\/2021\/03\/logo-kejal-couleur-vertical-2018-110x300.png 110w, https:\/\/labo.kejal.fr\/wp-content\/uploads\/2021\/03\/logo-kejal-couleur-vertical-2018-565x1536.png 565w, https:\/\/labo.kejal.fr\/wp-content\/uploads\/2021\/03\/logo-kejal-couleur-vertical-2018-66x180.png 66w, https:\/\/labo.kejal.fr\/wp-content\/uploads\/2021\/03\/logo-kejal-couleur-vertical-2018.png 684w\" sizes=\"(max-width: 377px) 100vw, 377px\" \/>\t\t\t\t\t\t\n\t\t\t\t\t<\/div>\n\t\t\t\t\t\t\t\t\n<style>\n#image_1372505697 {\n  width: 71%;\n}\n<\/style>\n\t<\/div>\n\t\n\t\t<\/div>\n\t\t\t<\/div>\n\n\t\n<\/div>\n<div class=\"row\"  id=\"row-1034915822\">\n\n\t<div id=\"col-656948720\" class=\"col medium-3 small-12 large-3\"  >\n\t\t<div class=\"col-inner text-center\"  >\n\t\t\t\n\t\t\t\n<a rel=\"noopener noreferrer\" href=\"https:\/\/www.kejal.fr\" target=\"_blank\" class=\"button secondary is-xlarge\"  style=\"padding:15px 0px 0px 0px;\">\n    <span>Acceso al sitio de Kejal<\/span>\n  <\/a>\n\n\t\t<\/div>\n\t\t\t<\/div>\n\n\t\n\n\t<div id=\"col-866788354\" class=\"col medium-9 small-12 large-9\"  >\n\t\t<div class=\"col-inner dark\" style=\"background-color:#a14102;\" >\n\t\t\t\n\t\t\t\n<h2>Sus objetivos:<\/h2>\n<p>Permitir a cualquier persona, sea cual sea su edad, sexo, situaci\u00f3n social y profesional, o experiencia previa, crear la actividad profesional a la que aspira;<\/p>\n<p>Crear puentes entre la econom\u00eda tradicional y la econom\u00eda social y solidaria preservando los objetivos, los valores, las concepciones del trabajo y de la econom\u00eda, y los enfoques ecol\u00f3gicos y socioculturales defendidos en la econom\u00eda social y solidaria;<\/p>\n<p>Dar a conocer las especificidades de un apoyo destinado a crear actividades de econom\u00eda social y solidaria y de desarrollo sostenible tanto sobre el contenido a aportar como sobre el proceso de reflexi\u00f3n que se acompa\u00f1a.<\/p>\n\t\t<\/div>\n\t\t\n<style>\n#col-866788354 > .col-inner {\n  padding: 29px 30px 30px 30px;\n  margin: -15px 0px 0px 0px;\n  border-radius: 16px;\n}\n@media (min-width:550px) {\n  #col-866788354 > .col-inner {\n    margin: -62px 0px 0px 0px;\n  }\n}\n<\/style>\n\t<\/div>\n\n\t\n<\/div>\n<div class=\"row\"  id=\"row-1771128331\">\n\n\t<div id=\"col-1625976972\" class=\"col medium-9 small-12 large-9\"  >\n\t\t<div class=\"col-inner dark\" style=\"background-color:#770a03;\" >\n\t\t\t\n\t\t\t\n<h2>El laboratorio en pocas palabras:<\/h2>\n<p>El laboratorio del scic kejal fue creado por iniciativa de los miembros para que los formadores acompa\u00f1antes encuentren un espacio de creaci\u00f3n e innovaci\u00f3n para cuestionar sus pr\u00e1cticas pedag\u00f3gicas, compartirlas y mutualizar herramientas para alimentar sus reflexiones y acciones.<\/p>\n<p>Este laboratorio vive de los encuentros entre formadores en diferentes sitios de Breta\u00f1a o en otros lugares, as\u00ed como a trav\u00e9s de un espacio digital donde los formadores, tras haber firmado la carta de compromiso mutuo, pueden venir a nutrirse de las herramientas creadas por otros y alimentar sus propias herramientas que han podido experimentar previamente.<\/p>\n<p>Evoluciona con las asociaciones y, desde 2018, adquiere una dimensi\u00f3n europea que se concreta en la creaci\u00f3n de <strong>una caja de herramientas pedag\u00f3gicas para emprendedores de la econom\u00eda solidaria y el desarrollo sostenible, adaptada y eficaz para los proyectos de creaci\u00f3n de empresas de dimensi\u00f3n europea.<\/strong><\/p>\n\t\t<\/div>\n\t\t\n<style>\n#col-1625976972 > .col-inner {\n  padding: 30px 30px 30px 30px;\n  border-radius: 15px;\n}\n<\/style>\n\t<\/div>\n\n\t\n\n\t<div id=\"col-1628072008\" class=\"col medium-3 small-12 large-3\"  >\n\t\t<div class=\"col-inner\"  >\n\t\t\t\n\t\t\t\n\t\t<\/div>\n\t\t\t<\/div>\n\n\t\n<\/div>\n<div class=\"row\"  id=\"row-1577297828\">\n\n\t<div id=\"col-101276304\" class=\"col medium-3 small-12 large-3\"  >\n\t\t<div class=\"col-inner\"  >\n\t\t\t\n\t\t\t\n\t\t<\/div>\n\t\t\t<\/div>\n\n\t\n\n\t<div id=\"col-1245416919\" class=\"col medium-9 small-12 large-9\"  >\n\t\t<div class=\"col-inner text-right dark\"  >\n\t\t\t\n\t\t\t\n\t<div class=\"img has-hover x md-x lg-x y md-y lg-y\" id=\"image_36147065\">\n\t\t\t\t\t\t\t\t<div class=\"img-inner dark\" >\n\t\t\t<img width=\"1020\" height=\"771\" src=\"https:\/\/labo.kejal.fr\/wp-content\/uploads\/2021\/02\/team_spirit_hrr4-2-1024x774.png\" class=\"attachment-large size-large\" alt=\"\" decoding=\"async\" loading=\"lazy\" srcset=\"https:\/\/labo.kejal.fr\/wp-content\/uploads\/2021\/02\/team_spirit_hrr4-2-1024x774.png 1024w, https:\/\/labo.kejal.fr\/wp-content\/uploads\/2021\/02\/team_spirit_hrr4-2-300x227.png 300w, https:\/\/labo.kejal.fr\/wp-content\/uploads\/2021\/02\/team_spirit_hrr4-2-768x580.png 768w, https:\/\/labo.kejal.fr\/wp-content\/uploads\/2021\/02\/team_spirit_hrr4-2-240x180.png 240w, https:\/\/labo.kejal.fr\/wp-content\/uploads\/2021\/02\/team_spirit_hrr4-2-238x180.png 238w, https:\/\/labo.kejal.fr\/wp-content\/uploads\/2021\/02\/team_spirit_hrr4-2.png 1138w\" sizes=\"(max-width: 1020px) 100vw, 1020px\" \/>\t\t\t\t\t\t\n\t\t\t\t\t<\/div>\n\t\t\t\t\t\t\t\t\n<style>\n#image_36147065 {\n  width: 87%;\n}\n<\/style>\n\t<\/div>\n\t\n\t\t<\/div>\n\t\t\n<style>\n#col-1245416919 > .col-inner {\n  margin: -160px 0px 0px 0px;\n}\n<\/style>\n\t<\/div>\n\n\t\n<\/div>\n\t<div id=\"gap-1757318589\" class=\"gap-element clearfix\" style=\"display:block; height:auto;\">\n\t\t\n<style>\n#gap-1757318589 {\n  padding-top: 60px;\n}\n<\/style>\n\t<\/div>\n\t\n","protected":false},"excerpt":{"rendered":"","protected":false},"author":2,"featured_media":0,"parent":0,"menu_order":0,"comment_status":"closed","ping_status":"closed","template":"","meta":[],"yoast_head":"<!-- This site is optimized with the Yoast SEO plugin v20.9 - https:\/\/yoast.com\/wordpress\/plugins\/seo\/ -->\n<title>A proposito - Labo Kejal<\/title>\n<meta name=\"robots\" content=\"index, follow, max-snippet:-1, max-image-preview:large, max-video-preview:-1\" \/>\n<link rel=\"canonical\" href=\"https:\/\/labo.kejal.fr\/es\/a-proposito\/\" \/>\n<meta property=\"og:locale\" content=\"es_ES\" \/>\n<meta property=\"og:type\" content=\"article\" \/>\n<meta property=\"og:title\" content=\"A proposito - Labo Kejal\" \/>\n<meta property=\"og:url\" content=\"https:\/\/labo.kejal.fr\/es\/a-proposito\/\" \/>\n<meta property=\"og:site_name\" content=\"Labo Kejal\" \/>\n<meta property=\"article:modified_time\" content=\"2021-05-24T08:17:04+00:00\" \/>\n<meta name=\"twitter:card\" content=\"summary_large_image\" \/>\n<meta name=\"twitter:label1\" content=\"Tiempo de lectura\" \/>\n\t<meta name=\"twitter:data1\" content=\"3 minutos\" \/>\n<script type=\"application\/ld+json\" class=\"yoast-schema-graph\">{\"@context\":\"https:\/\/schema.org\",\"@graph\":[{\"@type\":\"WebPage\",\"@id\":\"https:\/\/labo.kejal.fr\/es\/a-proposito\/\",\"url\":\"https:\/\/labo.kejal.fr\/es\/a-proposito\/\",\"name\":\"A proposito - Labo Kejal\",\"isPartOf\":{\"@id\":\"https:\/\/labo.kejal.fr\/es\/#website\"},\"datePublished\":\"2021-05-24T08:17:02+00:00\",\"dateModified\":\"2021-05-24T08:17:04+00:00\",\"breadcrumb\":{\"@id\":\"https:\/\/labo.kejal.fr\/es\/a-proposito\/#breadcrumb\"},\"inLanguage\":\"es\",\"potentialAction\":[{\"@type\":\"ReadAction\",\"target\":[\"https:\/\/labo.kejal.fr\/es\/a-proposito\/\"]}]},{\"@type\":\"BreadcrumbList\",\"@id\":\"https:\/\/labo.kejal.fr\/es\/a-proposito\/#breadcrumb\",\"itemListElement\":[{\"@type\":\"ListItem\",\"position\":1,\"name\":\"Accueil\",\"item\":\"https:\/\/labo.kejal.fr\/es\/\"},{\"@type\":\"ListItem\",\"position\":2,\"name\":\"A proposito\"}]},{\"@type\":\"WebSite\",\"@id\":\"https:\/\/labo.kejal.fr\/es\/#website\",\"url\":\"https:\/\/labo.kejal.fr\/es\/\",\"name\":\"Labo Kejal\",\"description\":\"Formations Creopss+\",\"publisher\":{\"@id\":\"https:\/\/labo.kejal.fr\/es\/#organization\"},\"potentialAction\":[{\"@type\":\"SearchAction\",\"target\":{\"@type\":\"EntryPoint\",\"urlTemplate\":\"https:\/\/labo.kejal.fr\/es\/?s={search_term_string}\"},\"query-input\":\"required name=search_term_string\"}],\"inLanguage\":\"es\"},{\"@type\":\"Organization\",\"@id\":\"https:\/\/labo.kejal.fr\/es\/#organization\",\"name\":\"Labo Kejal\",\"url\":\"https:\/\/labo.kejal.fr\/es\/\",\"logo\":{\"@type\":\"ImageObject\",\"inLanguage\":\"es\",\"@id\":\"https:\/\/labo.kejal.fr\/es\/#\/schema\/logo\/image\/\",\"url\":\"https:\/\/labo.kejal.fr\/wp-content\/uploads\/2021\/02\/logo-kejal-couleur-horizontal-2018.png\",\"contentUrl\":\"https:\/\/labo.kejal.fr\/wp-content\/uploads\/2021\/02\/logo-kejal-couleur-horizontal-2018.png\",\"width\":1860,\"height\":684,\"caption\":\"Labo Kejal\"},\"image\":{\"@id\":\"https:\/\/labo.kejal.fr\/es\/#\/schema\/logo\/image\/\"}}]}<\/script>\n<!-- \/ Yoast SEO plugin. -->","yoast_head_json":{"title":"A proposito - Labo Kejal","robots":{"index":"index","follow":"follow","max-snippet":"max-snippet:-1","max-image-preview":"max-image-preview:large","max-video-preview":"max-video-preview:-1"},"canonical":"https:\/\/labo.kejal.fr\/es\/a-proposito\/","og_locale":"es_ES","og_type":"article","og_title":"A proposito - Labo Kejal","og_url":"https:\/\/labo.kejal.fr\/es\/a-proposito\/","og_site_name":"Labo Kejal","article_modified_time":"2021-05-24T08:17:04+00:00","twitter_card":"summary_large_image","twitter_misc":{"Tiempo de lectura":"3 minutos"},"schema":{"@context":"https:\/\/schema.org","@graph":[{"@type":"WebPage","@id":"https:\/\/labo.kejal.fr\/es\/a-proposito\/","url":"https:\/\/labo.kejal.fr\/es\/a-proposito\/","name":"A proposito - Labo Kejal","isPartOf":{"@id":"https:\/\/labo.kejal.fr\/es\/#website"},"datePublished":"2021-05-24T08:17:02+00:00","dateModified":"2021-05-24T08:17:04+00:00","breadcrumb":{"@id":"https:\/\/labo.kejal.fr\/es\/a-proposito\/#breadcrumb"},"inLanguage":"es","potentialAction":[{"@type":"ReadAction","target":["https:\/\/labo.kejal.fr\/es\/a-proposito\/"]}]},{"@type":"BreadcrumbList","@id":"https:\/\/labo.kejal.fr\/es\/a-proposito\/#breadcrumb","itemListElement":[{"@type":"ListItem","position":1,"name":"Accueil","item":"https:\/\/labo.kejal.fr\/es\/"},{"@type":"ListItem","position":2,"name":"A proposito"}]},{"@type":"WebSite","@id":"https:\/\/labo.kejal.fr\/es\/#website","url":"https:\/\/labo.kejal.fr\/es\/","name":"Labo Kejal","description":"Formations Creopss+","publisher":{"@id":"https:\/\/labo.kejal.fr\/es\/#organization"},"potentialAction":[{"@type":"SearchAction","target":{"@type":"EntryPoint","urlTemplate":"https:\/\/labo.kejal.fr\/es\/?s={search_term_string}"},"query-input":"required name=search_term_string"}],"inLanguage":"es"},{"@type":"Organization","@id":"https:\/\/labo.kejal.fr\/es\/#organization","name":"Labo Kejal","url":"https:\/\/labo.kejal.fr\/es\/","logo":{"@type":"ImageObject","inLanguage":"es","@id":"https:\/\/labo.kejal.fr\/es\/#\/schema\/logo\/image\/","url":"https:\/\/labo.kejal.fr\/wp-content\/uploads\/2021\/02\/logo-kejal-couleur-horizontal-2018.png","contentUrl":"https:\/\/labo.kejal.fr\/wp-content\/uploads\/2021\/02\/logo-kejal-couleur-horizontal-2018.png","width":1860,"height":684,"caption":"Labo Kejal"},"image":{"@id":"https:\/\/labo.kejal.fr\/es\/#\/schema\/logo\/image\/"}}]}},"_links":{"self":[{"href":"https:\/\/labo.kejal.fr\/es\/wp-json\/wp\/v2\/pages\/1213"}],"collection":[{"href":"https:\/\/labo.kejal.fr\/es\/wp-json\/wp\/v2\/pages"}],"about":[{"href":"https:\/\/labo.kejal.fr\/es\/wp-json\/wp\/v2\/types\/page"}],"author":[{"embeddable":true,"href":"https:\/\/labo.kejal.fr\/es\/wp-json\/wp\/v2\/users\/2"}],"replies":[{"embeddable":true,"href":"https:\/\/labo.kejal.fr\/es\/wp-json\/wp\/v2\/comments?post=1213"}],"version-history":[{"count":5,"href":"https:\/\/labo.kejal.fr\/es\/wp-json\/wp\/v2\/pages\/1213\/revisions"}],"predecessor-version":[{"id":1220,"href":"https:\/\/labo.kejal.fr\/es\/wp-json\/wp\/v2\/pages\/1213\/revisions\/1220"}],"wp:attachment":[{"href":"https:\/\/labo.kejal.fr\/es\/wp-json\/wp\/v2\/media?parent=1213"}],"curies":[{"name":"wp","href":"https:\/\/api.w.org\/{rel}","templated":true}]}}