{"id":1205,"date":"2021-05-24T10:08:12","date_gmt":"2021-05-24T08:08:12","guid":{"rendered":"https:\/\/labo.kejal.fr\/el-labo\/"},"modified":"2021-05-24T10:08:13","modified_gmt":"2021-05-24T08:08:13","slug":"el-labo","status":"publish","type":"page","link":"https:\/\/labo.kejal.fr\/es\/","title":{"rendered":"El Labo"},"content":{"rendered":"\t<div id=\"gap-81117419\" class=\"gap-element clearfix\" style=\"display:block; height:auto;\">\n\t\t\n<style>\n#gap-81117419 {\n  padding-top: 48px;\n}\n<\/style>\n\t<\/div>\n\t\n<div class=\"row\"  id=\"row-782331752\">\n\n\t<div id=\"col-1940353286\" class=\"col medium-8 small-12 large-8\"  >\n\t\t<div class=\"col-inner\" style=\"background-color:#a14102;\" >\n\t\t\t\n\t\t\t\n\t<div id=\"text-1165487569\" class=\"text\">\n\t\t\n<h1>El laboratorio de Kejal<\/h1>\n<p>Se trata de un espacio de recursos educativos compartidos que se nutre de las pr\u00e1cticas educativas de los formadores\/mentores que acompa\u00f1an la creaci\u00f3n y el desarrollo de actividades empresariales solidarias y sostenibles en el territorio europeo.<\/p>\n\t\t\n<style>\n#text-1165487569 {\n  font-size: 1.25rem;\n  text-align: left;\n  color: rgb(255,255,255);\n}\n#text-1165487569 > * {\n  color: rgb(255,255,255);\n}\n<\/style>\n\t<\/div>\n\t\n\t\t<\/div>\n\t\t\n<style>\n#col-1940353286 > .col-inner {\n  padding: 20px 20px 20px 21px;\n  border-radius: 10px;\n}\n<\/style>\n\t<\/div>\n\n\t\n\n\t<div id=\"col-2124754669\" class=\"col medium-4 small-12 large-4\"  >\n\t\t<div class=\"col-inner text-left\"  >\n\t\t\t\n\t\t\t\n\t\t<\/div>\n\t\t\n<style>\n#col-2124754669 > .col-inner {\n  margin: 0px 0px 0px -9px;\n}\n<\/style>\n\t<\/div>\n\n\t\n<\/div>\n<div class=\"row\"  id=\"row-1659485656\">\n\n\t<div id=\"col-1535220020\" class=\"col medium-4 small-12 large-4\"  >\n\t\t<div class=\"col-inner\"  >\n\t\t\t\n\t\t\t\n\t\t<\/div>\n\t\t\t<\/div>\n\n\t\n\n\t<div id=\"col-2112293306\" class=\"col medium-7 small-12 large-7\"  >\n\t\t<div class=\"col-inner text-right\"  >\n\t\t\t\n\t\t\t\n\t<div class=\"img has-hover x md-x lg-x y md-y lg-y\" id=\"image_1126999349\">\n\t\t\t\t\t\t\t\t<div class=\"img-inner dark\" >\n\t\t\t<img width=\"881\" height=\"573\" src=\"https:\/\/labo.kejal.fr\/wp-content\/uploads\/2021\/02\/collaborators_prrw.png\" class=\"attachment-large size-large\" alt=\"Kejal - Quevrt\" decoding=\"async\" loading=\"lazy\" srcset=\"https:\/\/labo.kejal.fr\/wp-content\/uploads\/2021\/02\/collaborators_prrw.png 881w, https:\/\/labo.kejal.fr\/wp-content\/uploads\/2021\/02\/collaborators_prrw-300x195.png 300w, https:\/\/labo.kejal.fr\/wp-content\/uploads\/2021\/02\/collaborators_prrw-768x500.png 768w, https:\/\/labo.kejal.fr\/wp-content\/uploads\/2021\/02\/collaborators_prrw-240x156.png 240w\" sizes=\"(max-width: 881px) 100vw, 881px\" \/>\t\t\t\t\t\t\n\t\t\t\t\t<\/div>\n\t\t\t\t\t\t\t\t\n<style>\n#image_1126999349 {\n  width: 83%;\n}\n<\/style>\n\t<\/div>\n\t\n\t\t<\/div>\n\t\t\n<style>\n#col-2112293306 > .col-inner {\n  margin: -70px 0px 0px 0px;\n}\n<\/style>\n\t<\/div>\n\n\t\n<\/div>\n\t<div id=\"gap-1096073258\" class=\"gap-element clearfix\" style=\"display:block; height:auto;\">\n\t\t\n<style>\n#gap-1096073258 {\n  padding-top: 50px;\n}\n<\/style>\n\t<\/div>\n\t\n\t<section class=\"section\" id=\"section_541479779\">\n\t\t<div class=\"bg section-bg fill bg-fill  bg-loaded\" >\n\n\t\t\t\n\t\t\t\n\t\t\t\n\n\t\t<\/div>\n\n\t\t<div class=\"section-content relative\">\n\t\t\t\n<div class=\"row align-middle\"  id=\"row-406710509\">\n\n\t<div id=\"col-1837250719\" class=\"col medium-6 small-12 large-6\"  >\n\t\t<div class=\"col-inner text-right\"  >\n\t\t\t\n\t\t\t\n\t<div id=\"text-2332908992\" class=\"text\">\n\t\t\n<h2><span style=\"font-size: 150%;\">Creopss+<\/span><\/h2>\n<p>CREOPSS + se desarrolla en el marco del programa ERASMUS + en colaboraci\u00f3n con la asociaci\u00f3n <a href=\"https:\/\/www.facebook.com\/intercultura22\/\">Intercultura<\/a> (Francia), <a href=\"https:\/\/www.ifoa.it\/\">IFOA<\/a> (Italia), <a href=\"http:\/\/www.incoma.net\/IncomaPublic\/es\/zonaPublica\/index\">INCOMA<\/a> (Espa\u00f1a), la asociaci\u00f3n <a href=\"https:\/\/www.asociacionauryn.org\/\">AURYN<\/a> (Espa\u00f1a) y la asociaci\u00f3n <a href=\"https:\/\/www.linkyouth.org\/\">CULTURALE LINK<\/a> (Italia).<\/p>\n<p><strong>El principio del proyecto: crear una caja de herramientas pedag\u00f3gicas para los empresarios de la econom\u00eda solidaria y del desarrollo sostenible, adaptada y eficaz para los proyectos de creaci\u00f3n de empresas de dimensi\u00f3n europea.<\/strong><\/p>\n\t\t\n<style>\n#text-2332908992 {\n  text-align: left;\n}\n<\/style>\n\t<\/div>\n\t\n<a href=\"https:\/\/labo.kejal.fr\/creopss\/\" target=\"_self\" class=\"button primary\"  >\n    <span>Acc\u00e8s \u00e0 la boite \u00e0 outils du CREOPSS+<\/span>\n  <\/a>\n\n\t\t<\/div>\n\t\t\t<\/div>\n\n\t\n\n\t<div id=\"col-1992859906\" class=\"col medium-6 small-12 large-6\"  >\n\t\t<div class=\"col-inner\"  >\n\t\t\t\n\t\t\t\n\t<div class=\"box has-hover   has-hover box-text-bottom\" >\n\n\t\t<div class=\"box-image\" style=\"border-radius:4%;\">\n\t\t\t\t\t\t<div class=\"\" >\n\t\t\t\t<img width=\"2000\" height=\"1500\" src=\"https:\/\/labo.kejal.fr\/wp-content\/uploads\/2021\/03\/groupe-rassemblement-1.jpg\" class=\"attachment- size-\" alt=\"incubateur entrepreneur kejal Dinan en Bretagne\" decoding=\"async\" loading=\"lazy\" srcset=\"https:\/\/labo.kejal.fr\/wp-content\/uploads\/2021\/03\/groupe-rassemblement-1.jpg 2000w, https:\/\/labo.kejal.fr\/wp-content\/uploads\/2021\/03\/groupe-rassemblement-1-300x225.jpg 300w, https:\/\/labo.kejal.fr\/wp-content\/uploads\/2021\/03\/groupe-rassemblement-1-1024x768.jpg 1024w, https:\/\/labo.kejal.fr\/wp-content\/uploads\/2021\/03\/groupe-rassemblement-1-768x576.jpg 768w, https:\/\/labo.kejal.fr\/wp-content\/uploads\/2021\/03\/groupe-rassemblement-1-1536x1152.jpg 1536w, https:\/\/labo.kejal.fr\/wp-content\/uploads\/2021\/03\/groupe-rassemblement-1-240x180.jpg 240w\" sizes=\"(max-width: 2000px) 100vw, 2000px\" \/>\t\t\t\t\t\t\t\t\t\t\t<\/div>\n\t\t\t\t\t<\/div>\n\n\t\t<div class=\"box-text text-center\" >\n\t\t\t<div class=\"box-text-inner\">\n\t\t\t\t\n\t\t\t<\/div>\n\t\t<\/div>\n\t<\/div>\n\t\n\t\t<\/div>\n\t\t\t<\/div>\n\n\t\n<\/div>\n\t\t<\/div>\n\n\t\t\n<style>\n#section_541479779 {\n  padding-top: 30px;\n  padding-bottom: 30px;\n  background-color: rgb(242, 233, 233);\n}\n<\/style>\n\t<\/section>\n\t\n\t<div id=\"gap-195863557\" class=\"gap-element clearfix\" style=\"display:block; height:auto;\">\n\t\t\n<style>\n#gap-195863557 {\n  padding-top: 60px;\n}\n<\/style>\n\t<\/div>\n\t\n<div class=\"row row-collapse align-middle\"  id=\"row-871805281\">\n\n\t<div id=\"col-1501337609\" class=\"col small-12 large-12\"  >\n\t\t<div class=\"col-inner text-center dark\"  >\n\t\t\t\n\t\t\t\n<a href=\"https:\/\/labo.kejal.fr\/a-propos\/\" target=\"_self\" class=\"button secondary expand\"  style=\"border-radius:10px;\">\n    <span>En savoir sur KEJAL et le labo<\/span>\n  <\/a>\n\n\t\t<\/div>\n\t\t\n<style>\n#col-1501337609 > .col-inner {\n  border-radius: 10px;\n}\n<\/style>\n\t<\/div>\n\n\t\n<\/div>\n\t<div id=\"gap-1984704736\" class=\"gap-element clearfix\" style=\"display:block; height:auto;\">\n\t\t\n<style>\n#gap-1984704736 {\n  padding-top: 60px;\n}\n<\/style>\n\t<\/div>\n\t\n","protected":false},"excerpt":{"rendered":"","protected":false},"author":2,"featured_media":0,"parent":0,"menu_order":0,"comment_status":"closed","ping_status":"closed","template":"page-blank.php","meta":[],"yoast_head":"<!-- This site is optimized with the Yoast SEO plugin v20.9 - https:\/\/yoast.com\/wordpress\/plugins\/seo\/ -->\n<title>El Labo - Labo Kejal<\/title>\n<meta name=\"robots\" content=\"index, follow, max-snippet:-1, max-image-preview:large, max-video-preview:-1\" \/>\n<link rel=\"canonical\" href=\"https:\/\/labo.kejal.fr\/es\/\" \/>\n<meta property=\"og:locale\" content=\"es_ES\" \/>\n<meta property=\"og:type\" content=\"article\" \/>\n<meta property=\"og:title\" content=\"El Labo - Labo Kejal\" \/>\n<meta property=\"og:url\" content=\"https:\/\/labo.kejal.fr\/es\/\" \/>\n<meta property=\"og:site_name\" content=\"Labo Kejal\" \/>\n<meta property=\"article:modified_time\" content=\"2021-05-24T08:08:13+00:00\" \/>\n<meta name=\"twitter:card\" content=\"summary_large_image\" \/>\n<meta name=\"twitter:label1\" content=\"Tiempo de lectura\" \/>\n\t<meta name=\"twitter:data1\" content=\"1 minuto\" \/>\n<script type=\"application\/ld+json\" class=\"yoast-schema-graph\">{\"@context\":\"https:\/\/schema.org\",\"@graph\":[{\"@type\":\"WebPage\",\"@id\":\"https:\/\/labo.kejal.fr\/es\/\",\"url\":\"https:\/\/labo.kejal.fr\/es\/\",\"name\":\"El Labo - Labo Kejal\",\"isPartOf\":{\"@id\":\"https:\/\/labo.kejal.fr\/es\/#website\"},\"datePublished\":\"2021-05-24T08:08:12+00:00\",\"dateModified\":\"2021-05-24T08:08:13+00:00\",\"breadcrumb\":{\"@id\":\"https:\/\/labo.kejal.fr\/es\/#breadcrumb\"},\"inLanguage\":\"es\",\"potentialAction\":[{\"@type\":\"ReadAction\",\"target\":[\"https:\/\/labo.kejal.fr\/es\/\"]}]},{\"@type\":\"BreadcrumbList\",\"@id\":\"https:\/\/labo.kejal.fr\/es\/#breadcrumb\",\"itemListElement\":[{\"@type\":\"ListItem\",\"position\":1,\"name\":\"Accueil\",\"item\":\"https:\/\/labo.kejal.fr\/es\/\"},{\"@type\":\"ListItem\",\"position\":2,\"name\":\"El Labo\"}]},{\"@type\":\"WebSite\",\"@id\":\"https:\/\/labo.kejal.fr\/es\/#website\",\"url\":\"https:\/\/labo.kejal.fr\/es\/\",\"name\":\"Labo Kejal\",\"description\":\"Formations Creopss+\",\"publisher\":{\"@id\":\"https:\/\/labo.kejal.fr\/es\/#organization\"},\"potentialAction\":[{\"@type\":\"SearchAction\",\"target\":{\"@type\":\"EntryPoint\",\"urlTemplate\":\"https:\/\/labo.kejal.fr\/es\/?s={search_term_string}\"},\"query-input\":\"required name=search_term_string\"}],\"inLanguage\":\"es\"},{\"@type\":\"Organization\",\"@id\":\"https:\/\/labo.kejal.fr\/es\/#organization\",\"name\":\"Labo Kejal\",\"url\":\"https:\/\/labo.kejal.fr\/es\/\",\"logo\":{\"@type\":\"ImageObject\",\"inLanguage\":\"es\",\"@id\":\"https:\/\/labo.kejal.fr\/es\/#\/schema\/logo\/image\/\",\"url\":\"https:\/\/labo.kejal.fr\/wp-content\/uploads\/2021\/02\/logo-kejal-couleur-horizontal-2018.png\",\"contentUrl\":\"https:\/\/labo.kejal.fr\/wp-content\/uploads\/2021\/02\/logo-kejal-couleur-horizontal-2018.png\",\"width\":1860,\"height\":684,\"caption\":\"Labo Kejal\"},\"image\":{\"@id\":\"https:\/\/labo.kejal.fr\/es\/#\/schema\/logo\/image\/\"}}]}<\/script>\n<!-- \/ Yoast SEO plugin. -->","yoast_head_json":{"title":"El Labo - Labo Kejal","robots":{"index":"index","follow":"follow","max-snippet":"max-snippet:-1","max-image-preview":"max-image-preview:large","max-video-preview":"max-video-preview:-1"},"canonical":"https:\/\/labo.kejal.fr\/es\/","og_locale":"es_ES","og_type":"article","og_title":"El Labo - Labo Kejal","og_url":"https:\/\/labo.kejal.fr\/es\/","og_site_name":"Labo Kejal","article_modified_time":"2021-05-24T08:08:13+00:00","twitter_card":"summary_large_image","twitter_misc":{"Tiempo de lectura":"1 minuto"},"schema":{"@context":"https:\/\/schema.org","@graph":[{"@type":"WebPage","@id":"https:\/\/labo.kejal.fr\/es\/","url":"https:\/\/labo.kejal.fr\/es\/","name":"El Labo - Labo Kejal","isPartOf":{"@id":"https:\/\/labo.kejal.fr\/es\/#website"},"datePublished":"2021-05-24T08:08:12+00:00","dateModified":"2021-05-24T08:08:13+00:00","breadcrumb":{"@id":"https:\/\/labo.kejal.fr\/es\/#breadcrumb"},"inLanguage":"es","potentialAction":[{"@type":"ReadAction","target":["https:\/\/labo.kejal.fr\/es\/"]}]},{"@type":"BreadcrumbList","@id":"https:\/\/labo.kejal.fr\/es\/#breadcrumb","itemListElement":[{"@type":"ListItem","position":1,"name":"Accueil","item":"https:\/\/labo.kejal.fr\/es\/"},{"@type":"ListItem","position":2,"name":"El Labo"}]},{"@type":"WebSite","@id":"https:\/\/labo.kejal.fr\/es\/#website","url":"https:\/\/labo.kejal.fr\/es\/","name":"Labo Kejal","description":"Formations Creopss+","publisher":{"@id":"https:\/\/labo.kejal.fr\/es\/#organization"},"potentialAction":[{"@type":"SearchAction","target":{"@type":"EntryPoint","urlTemplate":"https:\/\/labo.kejal.fr\/es\/?s={search_term_string}"},"query-input":"required name=search_term_string"}],"inLanguage":"es"},{"@type":"Organization","@id":"https:\/\/labo.kejal.fr\/es\/#organization","name":"Labo Kejal","url":"https:\/\/labo.kejal.fr\/es\/","logo":{"@type":"ImageObject","inLanguage":"es","@id":"https:\/\/labo.kejal.fr\/es\/#\/schema\/logo\/image\/","url":"https:\/\/labo.kejal.fr\/wp-content\/uploads\/2021\/02\/logo-kejal-couleur-horizontal-2018.png","contentUrl":"https:\/\/labo.kejal.fr\/wp-content\/uploads\/2021\/02\/logo-kejal-couleur-horizontal-2018.png","width":1860,"height":684,"caption":"Labo Kejal"},"image":{"@id":"https:\/\/labo.kejal.fr\/es\/#\/schema\/logo\/image\/"}}]}},"_links":{"self":[{"href":"https:\/\/labo.kejal.fr\/es\/wp-json\/wp\/v2\/pages\/1205"}],"collection":[{"href":"https:\/\/labo.kejal.fr\/es\/wp-json\/wp\/v2\/pages"}],"about":[{"href":"https:\/\/labo.kejal.fr\/es\/wp-json\/wp\/v2\/types\/page"}],"author":[{"embeddable":true,"href":"https:\/\/labo.kejal.fr\/es\/wp-json\/wp\/v2\/users\/2"}],"replies":[{"embeddable":true,"href":"https:\/\/labo.kejal.fr\/es\/wp-json\/wp\/v2\/comments?post=1205"}],"version-history":[{"count":3,"href":"https:\/\/labo.kejal.fr\/es\/wp-json\/wp\/v2\/pages\/1205\/revisions"}],"predecessor-version":[{"id":1208,"href":"https:\/\/labo.kejal.fr\/es\/wp-json\/wp\/v2\/pages\/1205\/revisions\/1208"}],"wp:attachment":[{"href":"https:\/\/labo.kejal.fr\/es\/wp-json\/wp\/v2\/media?parent=1205"}],"curies":[{"name":"wp","href":"https:\/\/api.w.org\/{rel}","templated":true}]}}